{"id":192,"date":"2015-02-03T20:04:42","date_gmt":"2015-02-03T19:04:42","guid":{"rendered":"https:\/\/www.rencontres-brangues.fr\/nrb\/book\/mentions-legales-credits\/"},"modified":"2022-05-31T23:29:48","modified_gmt":"2022-05-31T21:29:48","slug":"mentions-legales-credits","status":"publish","type":"page","link":"https:\/\/rencontres-brangues.fr\/nrb\/mentions-legales-credits\/","title":{"rendered":"mentions l\u00e9gales &#038; cr\u00e9dits"},"content":{"rendered":"\n<p>L&rsquo;ensemble de ce site rel\u00e8ve des l\u00e9gislations fran\u00e7aise et internationale sur le droit d&rsquo;auteur et la propri\u00e9t\u00e9 intellectuelle. Tous les droits de reproduction sont r\u00e9serv\u00e9s, y compris pour les documents iconographiques et photographiques.<\/p>\n\n\n\n<h4 class=\"wp-block-heading\" id=\"l-association\"><a href=\"https:\/\/www.rencontres-brangues.fr\/nrb\/category\/l-association\/\">L&rsquo;association<\/a><\/h4>\n\n\n\n<p>Pr\u00e9sidente, Marie-Victoire Nantet-Claudel<br>Secr\u00e9taire,&nbsp;Ren\u00e9 Sainte Marie Perrin<br>Tr\u00e9sori\u00e8re, Marie-Fran\u00e7oise Manning-Bonnard<br>Siret 482 908 746 00019<br>TVA : 482 908 746<br>Licences 2-1000402-3-1000456<\/p>\n\n\n\n<h4 class=\"wp-block-heading\" id=\"credits-du-site\">Cr\u00e9dits du site<\/h4>\n\n\n\n<p>directrice de la publication Marie-Victoire Nantet-Claudel<br>logo et charte graphique <a rel=\"noreferrer noopener\" href=\"http:\/\/perluette-beaufixe.fr\" target=\"_blank\">Perluette &amp; BeauFixe<\/a><br>photos du Ch\u00e2teau de Brangues de la page d&rsquo;accueil \u00a9 Jean-Fran\u00e7ois DALLE-RIVE<br>webdesign et maintenance <a rel=\"noreferrer noopener\" href=\"https:\/\/cybernetique.info\" target=\"_blank\">cybernetique.info<\/a><br>h\u00e9bergement <a rel=\"noreferrer noopener\" href=\"https:\/\/ovh.com\" target=\"_blank\">OVH<\/a><br>CMS <a rel=\"noreferrer noopener\" href=\"https:\/\/wordpress.org\" target=\"_blank\">wordpress<\/a><\/p>\n","protected":false},"excerpt":{"rendered":"<p>L&rsquo;ensemble de ce site rel\u00e8ve des l\u00e9gislations fran\u00e7aise et internationale sur le droit d&rsquo;auteur et la propri\u00e9t\u00e9 intellectuelle. Tous les droits de reproduction sont r\u00e9serv\u00e9s, y compris pour les documents iconographiques et photographiques.<\/p>\n","protected":false},"author":1,"featured_media":0,"parent":0,"menu_order":0,"comment_status":"closed","ping_status":"closed","template":"","meta":{"_uag_custom_page_level_css":"","site-sidebar-layout":"default","site-content-layout":"","ast-site-content-layout":"default","site-content-style":"default","site-sidebar-style":"default","ast-global-header-display":"","ast-banner-title-visibility":"","ast-main-header-display":"","ast-hfb-above-header-display":"","ast-hfb-below-header-display":"","ast-hfb-mobile-header-display":"","site-post-title":"","ast-breadcrumbs-content":"","ast-featured-img":"","footer-sml-layout":"","theme-transparent-header-meta":"","adv-header-id-meta":"","stick-header-meta":"","header-above-stick-meta":"","header-main-stick-meta":"","header-below-stick-meta":"","astra-migrate-meta-layouts":"default","ast-page-background-enabled":"default","ast-page-background-meta":{"desktop":{"background-color":"var(--ast-global-color-4)","background-image":"","background-repeat":"repeat","background-position":"center center","background-size":"auto","background-attachment":"scroll","background-type":"","background-media":"","overlay-type":"","overlay-color":"","overlay-opacity":"","overlay-gradient":""},"tablet":{"background-color":"","background-image":"","background-repeat":"repeat","background-position":"center center","background-size":"auto","background-attachment":"scroll","background-type":"","background-media":"","overlay-type":"","overlay-color":"","overlay-opacity":"","overlay-gradient":""},"mobile":{"background-color":"","background-image":"","background-repeat":"repeat","background-position":"center center","background-size":"auto","background-attachment":"scroll","background-type":"","background-media":"","overlay-type":"","overlay-color":"","overlay-opacity":"","overlay-gradient":""}},"ast-content-background-meta":{"desktop":{"background-color":"var(--ast-global-color-5)","background-image":"","background-repeat":"repeat","background-position":"center center","background-size":"auto","background-attachment":"scroll","background-type":"","background-media":"","overlay-type":"","overlay-color":"","overlay-opacity":"","overlay-gradient":""},"tablet":{"background-color":"var(--ast-global-color-5)","background-image":"","background-repeat":"repeat","background-position":"center center","background-size":"auto","background-attachment":"scroll","background-type":"","background-media":"","overlay-type":"","overlay-color":"","overlay-opacity":"","overlay-gradient":""},"mobile":{"background-color":"var(--ast-global-color-5)","background-image":"","background-repeat":"repeat","background-position":"center center","background-size":"auto","background-attachment":"scroll","background-type":"","background-media":"","overlay-type":"","overlay-color":"","overlay-opacity":"","overlay-gradient":""}},"footnotes":""},"class_list":["post-192","page","type-page","status-publish","hentry"],"yoast_head":"<!-- This site is optimized with the Yoast SEO plugin v27.3 - https:\/\/yoast.com\/product\/yoast-seo-wordpress\/ -->\n<title>mentions l\u00e9gales &amp; cr\u00e9dits - Rencontres de Brangues<\/title>\n<meta name=\"description\" content=\"Th\u00e9\u00e2tre et po\u00e9sie : conf\u00e9rences, concerts, expositions, spectacles, rencontres, ateliers, formations... au ch\u00e2teau de Brangues en Is\u00e8re, Domaine Paul Claudel, en itin\u00e9rance et dans les \u00e9tablissements scolaires.\" \/>\n<meta name=\"robots\" content=\"index, follow, max-snippet:-1, max-image-preview:large, max-video-preview:-1\" \/>\n<link rel=\"canonical\" href=\"https:\/\/rencontres-brangues.fr\/nrb\/mentions-legales-credits\/\" \/>\n<meta property=\"og:locale\" content=\"fr_FR\" \/>\n<meta property=\"og:type\" content=\"article\" \/>\n<meta property=\"og:title\" content=\"mentions l\u00e9gales &amp; cr\u00e9dits - Rencontres de Brangues\" \/>\n<meta property=\"og:description\" content=\"Th\u00e9\u00e2tre et po\u00e9sie : conf\u00e9rences, concerts, expositions, spectacles, rencontres, ateliers, formations... au ch\u00e2teau de Brangues en Is\u00e8re, Domaine Paul Claudel, en itin\u00e9rance et dans les \u00e9tablissements scolaires.\" \/>\n<meta property=\"og:url\" content=\"https:\/\/rencontres-brangues.fr\/nrb\/mentions-legales-credits\/\" \/>\n<meta property=\"og:site_name\" content=\"Rencontres de Brangues\" \/>\n<meta property=\"article:modified_time\" content=\"2022-05-31T21:29:48+00:00\" \/>\n<meta name=\"twitter:card\" content=\"summary_large_image\" \/>\n<script type=\"application\/ld+json\" class=\"yoast-schema-graph\">{\"@context\":\"https:\\\/\\\/schema.org\",\"@graph\":[{\"@type\":\"WebPage\",\"@id\":\"https:\\\/\\\/rencontres-brangues.fr\\\/nrb\\\/mentions-legales-credits\\\/\",\"url\":\"https:\\\/\\\/rencontres-brangues.fr\\\/nrb\\\/mentions-legales-credits\\\/\",\"name\":\"mentions l\u00e9gales & cr\u00e9dits - Rencontres de Brangues\",\"isPartOf\":{\"@id\":\"https:\\\/\\\/rencontres-brangues.fr\\\/nrb\\\/#website\"},\"datePublished\":\"2015-02-03T19:04:42+00:00\",\"dateModified\":\"2022-05-31T21:29:48+00:00\",\"description\":\"Th\u00e9\u00e2tre et po\u00e9sie : conf\u00e9rences, concerts, expositions, spectacles, rencontres, ateliers, formations... au ch\u00e2teau de Brangues en Is\u00e8re, Domaine Paul Claudel, en itin\u00e9rance et dans les \u00e9tablissements scolaires.\",\"breadcrumb\":{\"@id\":\"https:\\\/\\\/rencontres-brangues.fr\\\/nrb\\\/mentions-legales-credits\\\/#breadcrumb\"},\"inLanguage\":\"fr-FR\",\"potentialAction\":[{\"@type\":\"ReadAction\",\"target\":[\"https:\\\/\\\/rencontres-brangues.fr\\\/nrb\\\/mentions-legales-credits\\\/\"]}]},{\"@type\":\"BreadcrumbList\",\"@id\":\"https:\\\/\\\/rencontres-brangues.fr\\\/nrb\\\/mentions-legales-credits\\\/#breadcrumb\",\"itemListElement\":[{\"@type\":\"ListItem\",\"position\":1,\"name\":\"Accueil\",\"item\":\"https:\\\/\\\/rencontres-brangues.fr\\\/nrb\\\/\"},{\"@type\":\"ListItem\",\"position\":2,\"name\":\"mentions l\u00e9gales &#038; cr\u00e9dits\"}]},{\"@type\":\"WebSite\",\"@id\":\"https:\\\/\\\/rencontres-brangues.fr\\\/nrb\\\/#website\",\"url\":\"https:\\\/\\\/rencontres-brangues.fr\\\/nrb\\\/\",\"name\":\"Rencontres de Brangues\",\"description\":\"th\u00e9\u00e2tre, musique, po\u00e9sie\",\"publisher\":{\"@id\":\"https:\\\/\\\/rencontres-brangues.fr\\\/nrb\\\/#organization\"},\"potentialAction\":[{\"@type\":\"SearchAction\",\"target\":{\"@type\":\"EntryPoint\",\"urlTemplate\":\"https:\\\/\\\/rencontres-brangues.fr\\\/nrb\\\/?s={search_term_string}\"},\"query-input\":{\"@type\":\"PropertyValueSpecification\",\"valueRequired\":true,\"valueName\":\"search_term_string\"}}],\"inLanguage\":\"fr-FR\"},{\"@type\":\"Organization\",\"@id\":\"https:\\\/\\\/rencontres-brangues.fr\\\/nrb\\\/#organization\",\"name\":\"Nouvelles Rencontres de Brangues\",\"url\":\"https:\\\/\\\/rencontres-brangues.fr\\\/nrb\\\/\",\"logo\":{\"@type\":\"ImageObject\",\"inLanguage\":\"fr-FR\",\"@id\":\"https:\\\/\\\/rencontres-brangues.fr\\\/nrb\\\/#\\\/schema\\\/logo\\\/image\\\/\",\"url\":\"https:\\\/\\\/www.rencontres-brangues.fr\\\/nrb\\\/wp-content\\\/uploads\\\/petit-logo-nrb.png\",\"contentUrl\":\"https:\\\/\\\/www.rencontres-brangues.fr\\\/nrb\\\/wp-content\\\/uploads\\\/petit-logo-nrb.png\",\"width\":306,\"height\":306,\"caption\":\"Nouvelles Rencontres de Brangues\"},\"image\":{\"@id\":\"https:\\\/\\\/rencontres-brangues.fr\\\/nrb\\\/#\\\/schema\\\/logo\\\/image\\\/\"}}]}<\/script>\n<!-- \/ Yoast SEO plugin. -->","yoast_head_json":{"title":"mentions l\u00e9gales & cr\u00e9dits - Rencontres de Brangues","description":"Th\u00e9\u00e2tre et po\u00e9sie : conf\u00e9rences, concerts, expositions, spectacles, rencontres, ateliers, formations... au ch\u00e2teau de Brangues en Is\u00e8re, Domaine Paul Claudel, en itin\u00e9rance et dans les \u00e9tablissements scolaires.","robots":{"index":"index","follow":"follow","max-snippet":"max-snippet:-1","max-image-preview":"max-image-preview:large","max-video-preview":"max-video-preview:-1"},"canonical":"https:\/\/rencontres-brangues.fr\/nrb\/mentions-legales-credits\/","og_locale":"fr_FR","og_type":"article","og_title":"mentions l\u00e9gales & cr\u00e9dits - Rencontres de Brangues","og_description":"Th\u00e9\u00e2tre et po\u00e9sie : conf\u00e9rences, concerts, expositions, spectacles, rencontres, ateliers, formations... au ch\u00e2teau de Brangues en Is\u00e8re, Domaine Paul Claudel, en itin\u00e9rance et dans les \u00e9tablissements scolaires.","og_url":"https:\/\/rencontres-brangues.fr\/nrb\/mentions-legales-credits\/","og_site_name":"Rencontres de Brangues","article_modified_time":"2022-05-31T21:29:48+00:00","twitter_card":"summary_large_image","schema":{"@context":"https:\/\/schema.org","@graph":[{"@type":"WebPage","@id":"https:\/\/rencontres-brangues.fr\/nrb\/mentions-legales-credits\/","url":"https:\/\/rencontres-brangues.fr\/nrb\/mentions-legales-credits\/","name":"mentions l\u00e9gales & cr\u00e9dits - Rencontres de Brangues","isPartOf":{"@id":"https:\/\/rencontres-brangues.fr\/nrb\/#website"},"datePublished":"2015-02-03T19:04:42+00:00","dateModified":"2022-05-31T21:29:48+00:00","description":"Th\u00e9\u00e2tre et po\u00e9sie : conf\u00e9rences, concerts, expositions, spectacles, rencontres, ateliers, formations... au ch\u00e2teau de Brangues en Is\u00e8re, Domaine Paul Claudel, en itin\u00e9rance et dans les \u00e9tablissements scolaires.","breadcrumb":{"@id":"https:\/\/rencontres-brangues.fr\/nrb\/mentions-legales-credits\/#breadcrumb"},"inLanguage":"fr-FR","potentialAction":[{"@type":"ReadAction","target":["https:\/\/rencontres-brangues.fr\/nrb\/mentions-legales-credits\/"]}]},{"@type":"BreadcrumbList","@id":"https:\/\/rencontres-brangues.fr\/nrb\/mentions-legales-credits\/#breadcrumb","itemListElement":[{"@type":"ListItem","position":1,"name":"Accueil","item":"https:\/\/rencontres-brangues.fr\/nrb\/"},{"@type":"ListItem","position":2,"name":"mentions l\u00e9gales &#038; cr\u00e9dits"}]},{"@type":"WebSite","@id":"https:\/\/rencontres-brangues.fr\/nrb\/#website","url":"https:\/\/rencontres-brangues.fr\/nrb\/","name":"Rencontres de Brangues","description":"th\u00e9\u00e2tre, musique, po\u00e9sie","publisher":{"@id":"https:\/\/rencontres-brangues.fr\/nrb\/#organization"},"potentialAction":[{"@type":"SearchAction","target":{"@type":"EntryPoint","urlTemplate":"https:\/\/rencontres-brangues.fr\/nrb\/?s={search_term_string}"},"query-input":{"@type":"PropertyValueSpecification","valueRequired":true,"valueName":"search_term_string"}}],"inLanguage":"fr-FR"},{"@type":"Organization","@id":"https:\/\/rencontres-brangues.fr\/nrb\/#organization","name":"Nouvelles Rencontres de Brangues","url":"https:\/\/rencontres-brangues.fr\/nrb\/","logo":{"@type":"ImageObject","inLanguage":"fr-FR","@id":"https:\/\/rencontres-brangues.fr\/nrb\/#\/schema\/logo\/image\/","url":"https:\/\/www.rencontres-brangues.fr\/nrb\/wp-content\/uploads\/petit-logo-nrb.png","contentUrl":"https:\/\/www.rencontres-brangues.fr\/nrb\/wp-content\/uploads\/petit-logo-nrb.png","width":306,"height":306,"caption":"Nouvelles Rencontres de Brangues"},"image":{"@id":"https:\/\/rencontres-brangues.fr\/nrb\/#\/schema\/logo\/image\/"}}]}},"uagb_featured_image_src":{"full":false,"thumbnail":false,"medium":false,"medium_large":false,"large":false,"1536x1536":false,"2048x2048":false,"woocommerce_thumbnail":false,"woocommerce_single":false,"woocommerce_gallery_thumbnail":false},"uagb_author_info":{"display_name":"cyber","author_link":"https:\/\/rencontres-brangues.fr\/nrb\/author\/cyber\/"},"uagb_comment_info":0,"uagb_excerpt":"L&rsquo;ensemble de ce site rel\u00e8ve des l\u00e9gislations fran\u00e7aise et internationale sur le droit d&rsquo;auteur et la propri\u00e9t\u00e9 intellectuelle. Tous les droits de reproduction sont r\u00e9serv\u00e9s, y compris pour les documents iconographiques et photographiques.","_links":{"self":[{"href":"https:\/\/rencontres-brangues.fr\/nrb\/wp-json\/wp\/v2\/pages\/192","targetHints":{"allow":["GET"]}}],"collection":[{"href":"https:\/\/rencontres-brangues.fr\/nrb\/wp-json\/wp\/v2\/pages"}],"about":[{"href":"https:\/\/rencontres-brangues.fr\/nrb\/wp-json\/wp\/v2\/types\/page"}],"author":[{"embeddable":true,"href":"https:\/\/rencontres-brangues.fr\/nrb\/wp-json\/wp\/v2\/users\/1"}],"replies":[{"embeddable":true,"href":"https:\/\/rencontres-brangues.fr\/nrb\/wp-json\/wp\/v2\/comments?post=192"}],"version-history":[{"count":11,"href":"https:\/\/rencontres-brangues.fr\/nrb\/wp-json\/wp\/v2\/pages\/192\/revisions"}],"predecessor-version":[{"id":1950,"href":"https:\/\/rencontres-brangues.fr\/nrb\/wp-json\/wp\/v2\/pages\/192\/revisions\/1950"}],"wp:attachment":[{"href":"https:\/\/rencontres-brangues.fr\/nrb\/wp-json\/wp\/v2\/media?parent=192"}],"curies":[{"name":"wp","href":"https:\/\/api.w.org\/{rel}","templated":true}]}}